{"id":123,"date":"2013-09-20T17:41:12","date_gmt":"2013-09-20T15:41:12","guid":{"rendered":"http:\/\/www.eine-welt-nordborchen.de\/wp\/?page_id=123"},"modified":"2024-11-03T20:34:05","modified_gmt":"2024-11-03T18:34:05","slug":"herzlich-willkommen","status":"publish","type":"page","link":"https:\/\/www.eine-welt-nordborchen.de\/wp\/","title":{"rendered":"Herzlich Willkommen"},"content":{"rendered":"<h2>Aktuell: Kerzen<\/h2>\n<p><img loading=\"lazy\" decoding=\"async\" class=\"aligncenter  wp-image-702\" src=\"http:\/\/www.eine-welt-nordborchen.de\/wp\/wp-content\/uploads\/2024\/11\/20241030_160508-1024x768.jpg\" alt=\"\" width=\"581\" height=\"436\" srcset=\"https:\/\/www.eine-welt-nordborchen.de\/wp\/wp-content\/uploads\/2024\/11\/20241030_160508-1024x768.jpg 1024w, https:\/\/www.eine-welt-nordborchen.de\/wp\/wp-content\/uploads\/2024\/11\/20241030_160508-300x225.jpg 300w, https:\/\/www.eine-welt-nordborchen.de\/wp\/wp-content\/uploads\/2024\/11\/20241030_160508-768x576.jpg 768w, https:\/\/www.eine-welt-nordborchen.de\/wp\/wp-content\/uploads\/2024\/11\/20241030_160508-1536x1152.jpg 1536w, https:\/\/www.eine-welt-nordborchen.de\/wp\/wp-content\/uploads\/2024\/11\/20241030_160508-2048x1536.jpg 2048w\" sizes=\"auto, (max-width: 581px) 100vw, 581px\" \/><\/p>\n<h4 style=\"text-align: center;\">Teelicht-Adventskalender<\/h4>\n<p>\u00a0<\/p>\n<p><img loading=\"lazy\" decoding=\"async\" class=\"aligncenter  wp-image-704\" src=\"http:\/\/www.eine-welt-nordborchen.de\/wp\/wp-content\/uploads\/2024\/11\/20241030_160530-1024x768.jpg\" alt=\"\" width=\"630\" height=\"472\" srcset=\"https:\/\/www.eine-welt-nordborchen.de\/wp\/wp-content\/uploads\/2024\/11\/20241030_160530-1024x768.jpg 1024w, https:\/\/www.eine-welt-nordborchen.de\/wp\/wp-content\/uploads\/2024\/11\/20241030_160530-300x225.jpg 300w, https:\/\/www.eine-welt-nordborchen.de\/wp\/wp-content\/uploads\/2024\/11\/20241030_160530-768x576.jpg 768w, https:\/\/www.eine-welt-nordborchen.de\/wp\/wp-content\/uploads\/2024\/11\/20241030_160530-1536x1152.jpg 1536w, https:\/\/www.eine-welt-nordborchen.de\/wp\/wp-content\/uploads\/2024\/11\/20241030_160530-2048x1536.jpg 2048w\" sizes=\"auto, (max-width: 630px) 100vw, 630px\" \/><\/p>\n<h4 style=\"text-align: center;\">Kerzen erhellen die dunkle Jahreszeit.<br \/>Schauen Sie sich gerne unser neues Sortiment an.<\/h4>\n<p>Sie finden uns in <a href=\"http:\/\/www.eine-welt-nordborchen.de\/wp\/?p=528\">unserem Laden \u00a0an der B\u00fclte 2, direkt neben der katholischen Kirche.<\/a><\/p>\n<p><img loading=\"lazy\" decoding=\"async\" class=\"aligncenter  wp-image-697\" src=\"http:\/\/www.eine-welt-nordborchen.de\/wp\/wp-content\/uploads\/2024\/10\/20241029_094918-1-1024x768.jpeg\" alt=\"\" width=\"455\" height=\"341\" srcset=\"https:\/\/www.eine-welt-nordborchen.de\/wp\/wp-content\/uploads\/2024\/10\/20241029_094918-1-1024x768.jpeg 1024w, https:\/\/www.eine-welt-nordborchen.de\/wp\/wp-content\/uploads\/2024\/10\/20241029_094918-1-300x225.jpeg 300w, https:\/\/www.eine-welt-nordborchen.de\/wp\/wp-content\/uploads\/2024\/10\/20241029_094918-1-768x576.jpeg 768w, https:\/\/www.eine-welt-nordborchen.de\/wp\/wp-content\/uploads\/2024\/10\/20241029_094918-1-1536x1152.jpeg 1536w, https:\/\/www.eine-welt-nordborchen.de\/wp\/wp-content\/uploads\/2024\/10\/20241029_094918-1-2048x1536.jpeg 2048w\" sizes=\"auto, (max-width: 455px) 100vw, 455px\" \/><\/p>\n<p><img loading=\"lazy\" decoding=\"async\" class=\"aligncenter size-large wp-image-512\" src=\"http:\/\/www.eine-welt-nordborchen.de\/wp\/wp-content\/uploads\/2018\/11\/Neuer_Laden-32-1024x692.jpg\" alt=\"\" width=\"584\" height=\"395\" srcset=\"https:\/\/www.eine-welt-nordborchen.de\/wp\/wp-content\/uploads\/2018\/11\/Neuer_Laden-32-1024x692.jpg 1024w, https:\/\/www.eine-welt-nordborchen.de\/wp\/wp-content\/uploads\/2018\/11\/Neuer_Laden-32-300x203.jpg 300w, https:\/\/www.eine-welt-nordborchen.de\/wp\/wp-content\/uploads\/2018\/11\/Neuer_Laden-32-768x519.jpg 768w, https:\/\/www.eine-welt-nordborchen.de\/wp\/wp-content\/uploads\/2018\/11\/Neuer_Laden-32-444x300.jpg 444w, https:\/\/www.eine-welt-nordborchen.de\/wp\/wp-content\/uploads\/2018\/11\/Neuer_Laden-32.jpg 1500w\" sizes=\"auto, (max-width: 584px) 100vw, 584px\" \/><\/p>\n<p>Bei uns finden Sie fair gehandelte Waren in gro\u00dfer Auswahl und die M\u00f6glichkeit, wenn etwas fehlt, direkt aus dem Katalog zu bestellen.<\/p>\n<p>Aktuelle \u00d6ffnungszeiten:\u00a0<\/p>\n<p><strong>Mo: \u00a0 15:00 &#8211; 17:00 Uhr<br \/><\/strong><strong>Di: \u00a0 \u00a0 15:00 &#8211; 17:00 Uhr<\/strong><br \/><strong>Mi: \u00a0 \u00a0 15:00 &#8211; 17:00 Uhr<br \/><img loading=\"lazy\" decoding=\"async\" class=\"alignright wp-image-292\" src=\"http:\/\/www.eine-welt-nordborchen.de\/wp\/wp-content\/uploads\/2014\/03\/NicoLibri_Logo.jpg\" alt=\"NicoLibri_Logo\" width=\"122\" height=\"88\" srcset=\"https:\/\/www.eine-welt-nordborchen.de\/wp\/wp-content\/uploads\/2014\/03\/NicoLibri_Logo.jpg 1265w, https:\/\/www.eine-welt-nordborchen.de\/wp\/wp-content\/uploads\/2014\/03\/NicoLibri_Logo-300x215.jpg 300w, https:\/\/www.eine-welt-nordborchen.de\/wp\/wp-content\/uploads\/2014\/03\/NicoLibri_Logo-1024x735.jpg 1024w, https:\/\/www.eine-welt-nordborchen.de\/wp\/wp-content\/uploads\/2014\/03\/NicoLibri_Logo-417x300.jpg 417w\" sizes=\"auto, (max-width: 122px) 100vw, 122px\" \/>Do: \u00a0 \u00a015:00 &#8211; 17:00 Uhr<\/strong><br \/>sowie\u00a0<span style=\"color: #000000;\"><strong><span style=\"text-decoration: underline;\">jeden<\/span> Sonntag von <\/strong><\/span><strong><span style=\"text-decoration: underline;\">11:45 &#8211; 12:30 Uhr \u00a0<\/span><\/strong><\/p>\n<p>Unseren Kaffee bekommen Sie auch bei NicoLibri, Paderborner Str. 62,\u00a0Nordborchen.<\/p>\n<div class=\"page\" title=\"Page 1\">\u00a0<\/div>\n\n\n<p><\/p>\n\n\n\n<h2 class=\"wp-block-heading\">Neueste Beitr\u00e4ge<\/h2>\n\n\n<ul class=\"wp-block-latest-posts__list has-dates wp-block-latest-posts\"><li><a class=\"wp-block-latest-posts__post-title\" href=\"https:\/\/www.eine-welt-nordborchen.de\/wp\/?p=685\">Advent 2023<\/a><time datetime=\"2023-11-28T21:26:20+02:00\" class=\"wp-block-latest-posts__post-date\">28. November 2023<\/time><div class=\"wp-block-latest-posts__post-excerpt\">In diesem Jahr haben wir f\u00fcr Euch einen Adventskalender mit Kleinigkeiten vorbereitet. Jede\/r erste\/r Kundin\/Kunde des jeweiligen Tages darf die &#8222;Schublade&#8220; unseres Kalenders \u00f6ffnen. Lasst Euch \u00fcberraschen! Au\u00dferdem gibt es in der Advents-und Weihnachtszeit unsere Ladentaschen, gef\u00fcllt mit verschiedenen Leckereien. Unter dem Motto &#8222;Ich schenk Dir\u2026\u00a0<a class=\"wp-block-latest-posts__read-more\" href=\"https:\/\/www.eine-welt-nordborchen.de\/wp\/?p=685\" rel=\"noopener noreferrer\"><span class=\"screen-reader-text\">Advent 2023 <\/span>weiterlesen<\/a><\/div><\/li>\n<li><a class=\"wp-block-latest-posts__post-title\" href=\"https:\/\/www.eine-welt-nordborchen.de\/wp\/?p=680\">10 Jahre Eine-Welt-Laden Nordborchen<\/a><time datetime=\"2023-08-06T12:14:01+02:00\" class=\"wp-block-latest-posts__post-date\">6. August 2023<\/time><div class=\"wp-block-latest-posts__post-excerpt\"><\/div><\/li>\n<li><a class=\"wp-block-latest-posts__post-title\" href=\"https:\/\/www.eine-welt-nordborchen.de\/wp\/?p=674\">&#8222;Fair for Future&#8220; &#8211; Lesung mit Katharina Nickoleit<\/a><time datetime=\"2022-09-05T20:46:24+02:00\" class=\"wp-block-latest-posts__post-date\">5. September 2022<\/time><div class=\"wp-block-latest-posts__post-excerpt\"><\/div><\/li>\n<\/ul>","protected":false},"excerpt":{"rendered":"<p>Aktuell: Kerzen Teelicht-Adventskalender \u00a0 Kerzen erhellen die dunkle Jahreszeit.Schauen Sie sich gerne unser neues Sortiment an. Sie finden uns in unserem Laden \u00a0an der B\u00fclte 2, direkt neben der katholischen Kirche. Bei uns finden Sie fair gehandelte Waren in gro\u00dfer Auswahl und die M\u00f6glichkeit, wenn etwas fehlt, direkt aus dem Katalog zu bestellen. Aktuelle \u00d6ffnungszeiten:\u00a0 [&hellip;]<\/p>\n","protected":false},"author":1,"featured_media":0,"parent":0,"menu_order":0,"comment_status":"closed","ping_status":"closed","template":"","meta":{"site-sidebar-layout":"default","site-content-layout":"default","ast-site-content-layout":"default","site-content-style":"default","site-sidebar-style":"default","ast-global-header-display":"","ast-banner-title-visibility":"","ast-main-header-display":"","ast-hfb-above-header-display":"","ast-hfb-below-header-display":"","ast-hfb-mobile-header-display":"","site-post-title":"","ast-breadcrumbs-content":"","ast-featured-img":"","footer-sml-layout":"","ast-disable-related-posts":"","theme-transparent-header-meta":"default","adv-header-id-meta":"","stick-header-meta":"","header-above-stick-meta":"","header-main-stick-meta":"","header-below-stick-meta":"","astra-migrate-meta-layouts":"default","ast-page-background-enabled":"default","ast-page-background-meta":{"desktop":{"background-color":"","background-image":"","background-repeat":"repeat","background-position":"center center","background-size":"auto","background-attachment":"scroll","background-type":"","background-media":"","overlay-type":"","overlay-color":"","overlay-opacity":"","overlay-gradient":""},"tablet":{"background-color":"","background-image":"","background-repeat":"repeat","background-position":"center center","background-size":"auto","background-attachment":"scroll","background-type":"","background-media":"","overlay-type":"","overlay-color":"","overlay-opacity":"","overlay-gradient":""},"mobile":{"background-color":"","background-image":"","background-repeat":"repeat","background-position":"center center","background-size":"auto","background-attachment":"scroll","background-type":"","background-media":"","overlay-type":"","overlay-color":"","overlay-opacity":"","overlay-gradient":""}},"ast-content-background-meta":{"desktop":{"background-color":"var(--ast-global-color-5)","background-image":"","background-repeat":"repeat","background-position":"center center","background-size":"auto","background-attachment":"scroll","background-type":"","background-media":"","overlay-type":"","overlay-color":"","overlay-opacity":"","overlay-gradient":""},"tablet":{"background-color":"var(--ast-global-color-5)","background-image":"","background-repeat":"repeat","background-position":"center center","background-size":"auto","background-attachment":"scroll","background-type":"","background-media":"","overlay-type":"","overlay-color":"","overlay-opacity":"","overlay-gradient":""},"mobile":{"background-color":"var(--ast-global-color-5)","background-image":"","background-repeat":"repeat","background-position":"center center","background-size":"auto","background-attachment":"scroll","background-type":"","background-media":"","overlay-type":"","overlay-color":"","overlay-opacity":"","overlay-gradient":""}},"footnotes":""},"class_list":["post-123","page","type-page","status-publish","hentry"],"_links":{"self":[{"href":"https:\/\/www.eine-welt-nordborchen.de\/wp\/index.php?rest_route=\/wp\/v2\/pages\/123","targetHints":{"allow":["GET"]}}],"collection":[{"href":"https:\/\/www.eine-welt-nordborchen.de\/wp\/index.php?rest_route=\/wp\/v2\/pages"}],"about":[{"href":"https:\/\/www.eine-welt-nordborchen.de\/wp\/index.php?rest_route=\/wp\/v2\/types\/page"}],"author":[{"embeddable":true,"href":"https:\/\/www.eine-welt-nordborchen.de\/wp\/index.php?rest_route=\/wp\/v2\/users\/1"}],"replies":[{"embeddable":true,"href":"https:\/\/www.eine-welt-nordborchen.de\/wp\/index.php?rest_route=%2Fwp%2Fv2%2Fcomments&post=123"}],"version-history":[{"count":102,"href":"https:\/\/www.eine-welt-nordborchen.de\/wp\/index.php?rest_route=\/wp\/v2\/pages\/123\/revisions"}],"predecessor-version":[{"id":707,"href":"https:\/\/www.eine-welt-nordborchen.de\/wp\/index.php?rest_route=\/wp\/v2\/pages\/123\/revisions\/707"}],"wp:attachment":[{"href":"https:\/\/www.eine-welt-nordborchen.de\/wp\/index.php?rest_route=%2Fwp%2Fv2%2Fmedia&parent=123"}],"curies":[{"name":"wp","href":"https:\/\/api.w.org\/{rel}","templated":true}]}}