{"id":63,"date":"2013-09-10T17:21:29","date_gmt":"2013-09-10T15:21:29","guid":{"rendered":"http:\/\/www.eine-welt-nordborchen.de\/?page_id=63"},"modified":"2013-09-20T16:39:48","modified_gmt":"2013-09-20T14:39:48","slug":"fair-trade","status":"publish","type":"page","link":"http:\/\/www.eine-welt-nordborchen.de\/wp\/?page_id=63","title":{"rendered":"Fair Trade"},"content":{"rendered":"<p>Bei Produkten mit dem Fairtrade-Siegel haben Sie die Gewissheit, dass die Lebens- und Arbeitsbedingungen von Bauern und Besch\u00e4ftigten durch Fairtrade-Preise und -Pr\u00e4mie verbessert werden. Au\u00dferdem sind ausbeuterische Kinderarbeit und Zwangsarbeit verboten.\u00a0Hier erfahren Sie, wie der Handel mit fair gehandelten Produkten funktioniert und welche Organisationen und Verb\u00e4nde daran beteiligt sind.<\/p>\n<h1>Was ist Fairtrade?<\/h1>\n<div>\n<p>Fairtrade ist eine Strategie zur Armutsbek\u00e4mpfung. Durch gerechtere Handelsbeziehungen soll die Situation\u00a0der benachteiligten Produzentenfamilien in Afrika, Asien und S\u00fcdamerika verbessert, die Binnenwirtschaft gest\u00e4rkt und langfristig ungerechte Weltwirtschaftsstrukturen abgebaut werden.<\/p>\n<p>&nbsp;<\/p>\n<p>(Quelle und weitere Informationen:\u00a0<a href=\"http:\/\/www.fairtrade-deutschland.de\/ueber-fairtrade\/\">http:\/\/www.fairtrade-deutschland.de\/ueber-fairtrade\/<\/a>)<\/p>\n<p>&nbsp;<\/p>\n<\/div>\n","protected":false},"excerpt":{"rendered":"<p>Bei Produkten mit dem Fairtrade-Siegel haben Sie die Gewissheit, dass die Lebens- und Arbeitsbedingungen von Bauern und Besch\u00e4ftigten durch Fairtrade-Preise und -Pr\u00e4mie verbessert werden. Au\u00dferdem sind ausbeuterische Kinderarbeit und Zwangsarbeit verboten.\u00a0Hier erfahren Sie, wie der Handel mit fair gehandelten Produkten funktioniert und welche Organisationen und Verb\u00e4nde daran beteiligt sind. Was ist Fairtrade? Fairtrade ist eine [&hellip;]<\/p>\n","protected":false},"author":1,"featured_media":0,"parent":0,"menu_order":0,"comment_status":"closed","ping_status":"open","template":"","meta":{"site-sidebar-layout":"default","site-content-layout":"","ast-site-content-layout":"default","site-content-style":"default","site-sidebar-style":"default","ast-global-header-display":"","ast-banner-title-visibility":"","ast-main-header-display":"","ast-hfb-above-header-display":"","ast-hfb-below-header-display":"","ast-hfb-mobile-header-display":"","site-post-title":"","ast-breadcrumbs-content":"","ast-featured-img":"","footer-sml-layout":"","ast-disable-related-posts":"","theme-transparent-header-meta":"","adv-header-id-meta":"","stick-header-meta":"","header-above-stick-meta":"","header-main-stick-meta":"","header-below-stick-meta":"","astra-migrate-meta-layouts":"default","ast-page-background-enabled":"default","ast-page-background-meta":{"desktop":{"background-color":"","background-image":"","background-repeat":"repeat","background-position":"center center","background-size":"auto","background-attachment":"scroll","background-type":"","background-media":"","overlay-type":"","overlay-color":"","overlay-opacity":"","overlay-gradient":""},"tablet":{"background-color":"","background-image":"","background-repeat":"repeat","background-position":"center center","background-size":"auto","background-attachment":"scroll","background-type":"","background-media":"","overlay-type":"","overlay-color":"","overlay-opacity":"","overlay-gradient":""},"mobile":{"background-color":"","background-image":"","background-repeat":"repeat","background-position":"center center","background-size":"auto","background-attachment":"scroll","background-type":"","background-media":"","overlay-type":"","overlay-color":"","overlay-opacity":"","overlay-gradient":""}},"ast-content-background-meta":{"desktop":{"background-color":"var(--ast-global-color-5)","background-image":"","background-repeat":"repeat","background-position":"center center","background-size":"auto","background-attachment":"scroll","background-type":"","background-media":"","overlay-type":"","overlay-color":"","overlay-opacity":"","overlay-gradient":""},"tablet":{"background-color":"var(--ast-global-color-5)","background-image":"","background-repeat":"repeat","background-position":"center center","background-size":"auto","background-attachment":"scroll","background-type":"","background-media":"","overlay-type":"","overlay-color":"","overlay-opacity":"","overlay-gradient":""},"mobile":{"background-color":"var(--ast-global-color-5)","background-image":"","background-repeat":"repeat","background-position":"center center","background-size":"auto","background-attachment":"scroll","background-type":"","background-media":"","overlay-type":"","overlay-color":"","overlay-opacity":"","overlay-gradient":""}},"footnotes":""},"class_list":["post-63","page","type-page","status-publish","hentry"],"_links":{"self":[{"href":"http:\/\/www.eine-welt-nordborchen.de\/wp\/index.php?rest_route=\/wp\/v2\/pages\/63","targetHints":{"allow":["GET"]}}],"collection":[{"href":"http:\/\/www.eine-welt-nordborchen.de\/wp\/index.php?rest_route=\/wp\/v2\/pages"}],"about":[{"href":"http:\/\/www.eine-welt-nordborchen.de\/wp\/index.php?rest_route=\/wp\/v2\/types\/page"}],"author":[{"embeddable":true,"href":"http:\/\/www.eine-welt-nordborchen.de\/wp\/index.php?rest_route=\/wp\/v2\/users\/1"}],"replies":[{"embeddable":true,"href":"http:\/\/www.eine-welt-nordborchen.de\/wp\/index.php?rest_route=%2Fwp%2Fv2%2Fcomments&post=63"}],"version-history":[{"count":4,"href":"http:\/\/www.eine-welt-nordborchen.de\/wp\/index.php?rest_route=\/wp\/v2\/pages\/63\/revisions"}],"predecessor-version":[{"id":112,"href":"http:\/\/www.eine-welt-nordborchen.de\/wp\/index.php?rest_route=\/wp\/v2\/pages\/63\/revisions\/112"}],"wp:attachment":[{"href":"http:\/\/www.eine-welt-nordborchen.de\/wp\/index.php?rest_route=%2Fwp%2Fv2%2Fmedia&parent=63"}],"curies":[{"name":"wp","href":"https:\/\/api.w.org\/{rel}","templated":true}]}}